{"id":583,"date":"2021-08-12T15:30:26","date_gmt":"2021-08-12T15:30:26","guid":{"rendered":"https:\/\/godisabletv.org\/?post_type=product&#038;p=583"},"modified":"2021-08-12T15:30:34","modified_gmt":"2021-08-12T15:30:34","slug":"unless-god-permits","status":"publish","type":"product","link":"https:\/\/godisabletv.org\/fr\/product\/unless-god-permits\/","title":{"rendered":"A MOINS QUE DIEU PERMETTE"},"content":{"rendered":"<p>Mes bien-aim\u00e9s\u00a0 toutes ces choses pour lesquelles nous sommes si souvent s\u00e9rieusement pr\u00e9occup\u00e9s ici- bas, Je veux dire votre profond d\u00e9sir d\u2019une prog\u00e9niture, d\u2019un bon travail, d\u2019une belle promotion, de la richesse, d\u2019une bonne sant\u00e9, d\u2019une prosp\u00e9rit\u00e9\u00a0dans les affaires, d\u2019un mariage heureux\u2026etc. sont des choses que vous pouvez facilement avoir lorsque vous vous tenez sur la magnifique fondation que notre P\u00e8re C\u00e9leste a pr\u00e9par\u00e9 d\u00e8s la cr\u00e9ation <strong>Gen\u00e8se 9\u00a0: 1-10<em> \u2018\u2019Dieu b\u00e9nit No\u00e9 et ses fils, et leur dit : Soyez f\u00e9conds, multipliez, et remplissez la terre.\u00a0 Vous serez un sujet de crainte et d&#8217;effroi pour tout animal de la terre, pour tout oiseau du ciel, pour tout ce qui se meut sur la terre, et pour tous les poissons de la mer : ils sont livr\u00e9s entre vos mains. Tout ce qui se meut et qui a vie vous servira de nourriture : je vous donne tout cela comme l&#8217;herbe verte. \u00a0Seulement, vous ne mangerez point de chair avec son \u00e2me, avec son sang. \u00a0Sachez-le aussi, je redemanderai le sang de vos \u00e2mes, je le redemanderai \u00e0 tout animal ; et je redemanderai l&#8217;\u00e2me de l&#8217;homme \u00e0 l&#8217;homme, \u00e0 l&#8217;homme qui est son fr\u00e8re. \u00a0Si quelqu&#8217;un verse le sang de l&#8217;homme, par l&#8217;homme son sang sera vers\u00e9 ; car Dieu a fait l&#8217;homme \u00e0 son image. \u00a0Et vous, soyez f\u00e9conds et multipliez, r\u00e9pandez-vous sur la terre et multipliez sur elle. Dieu parla encore \u00e0 No\u00e9 et \u00e0 ses fils avec lui, en disant : Voici, j&#8217;\u00e9tablis mon alliance avec vous et avec votre post\u00e9rit\u00e9 apr\u00e8s vous ; avec tous les \u00eatres vivants qui sont avec vous, tant les oiseaux que le b\u00e9tail et tous les animaux de la terre, soit avec tous ceux qui sont sortis de l&#8217;arche, soit avec tous les animaux de la terre<\/em>.\u2019\u2019<\/strong> Mais aujourd\u2019hui, en v\u00e9rit\u00e9 je vous le dis, l\u2019inqui\u00e9tude et la peur de l\u2019avenir a fait perdre \u00e0 de nombreux chr\u00e9tiens cette magnifique fondation dont l\u2019Architecte est le Rocher des \u00e2ges. L\u2019inqui\u00e9tude et la peur de l\u2019avenir nous a caus\u00e9 plus de mal que de bien. Elle ne date pas d\u2019aujourd\u2019hui\u00a0; elle existait je vous le dis et elle existera toujours. L\u2019inqui\u00e9tude demeure un terme majeur dans l\u2019ancien comme dans le nouveau Testament. Les martyrs de la foi l\u2019ont connu, l\u2019ont subi et ont laiss\u00e9 une s\u00e9rie de le\u00e7ons aux enfants de Dieu pour qu\u2019ils y mirent leur vie. Il y a une chose tr\u00e8s importante que j\u2019ai apprise au cours de mes quinze ann\u00e9es de cons\u00e9cration avec le Seigneur Dieu Tout Puissant que plusieurs chr\u00e9tiens semblent ne pas encore bien saisi et je cite\u00a0: \u00ab\u00a0Toute action que quelqu\u2019un prend par courage ou par z\u00e8le et non par la foi est toujours motiv\u00e9e par l\u2019inqui\u00e9tude\u00a0 et la peur de l\u2019avenir et ne peut jamais r\u00e9sister \u00e0 l\u2019\u00e9preuve du temps.\u00a0\u00bb<\/p>\n<p>&nbsp;<\/p>","protected":false},"excerpt":{"rendered":"<p><a href=\"http:\/\/godisabletv.org\/wp-content\/uploads\/2021\/08\/UNLESS-GOD-PERMITS-print.pdf\">UNLESS GOD PERMITS print<\/a><\/p>\n","protected":false},"featured_media":585,"comment_status":"open","ping_status":"closed","template":"","meta":{"nf_dc_page":"","_monsterinsights_skip_tracking":false,"_monsterinsights_sitenote_active":false,"_monsterinsights_sitenote_note":"","_monsterinsights_sitenote_category":0},"product_brand":[],"product_cat":[15],"product_tag":[],"class_list":{"0":"post-583","1":"product","2":"type-product","3":"status-publish","4":"has-post-thumbnail","6":"product_cat-uncategorized","8":"first","9":"instock","10":"downloadable","11":"shipping-taxable","12":"product-type-simple"},"jetpack_sharing_enabled":true,"_links":{"self":[{"href":"https:\/\/godisabletv.org\/fr\/wp-json\/wp\/v2\/product\/583","targetHints":{"allow":["GET"]}}],"collection":[{"href":"https:\/\/godisabletv.org\/fr\/wp-json\/wp\/v2\/product"}],"about":[{"href":"https:\/\/godisabletv.org\/fr\/wp-json\/wp\/v2\/types\/product"}],"replies":[{"embeddable":true,"href":"https:\/\/godisabletv.org\/fr\/wp-json\/wp\/v2\/comments?post=583"}],"wp:featuredmedia":[{"embeddable":true,"href":"https:\/\/godisabletv.org\/fr\/wp-json\/wp\/v2\/media\/585"}],"wp:attachment":[{"href":"https:\/\/godisabletv.org\/fr\/wp-json\/wp\/v2\/media?parent=583"}],"wp:term":[{"taxonomy":"product_brand","embeddable":true,"href":"https:\/\/godisabletv.org\/fr\/wp-json\/wp\/v2\/product_brand?post=583"},{"taxonomy":"product_cat","embeddable":true,"href":"https:\/\/godisabletv.org\/fr\/wp-json\/wp\/v2\/product_cat?post=583"},{"taxonomy":"product_tag","embeddable":true,"href":"https:\/\/godisabletv.org\/fr\/wp-json\/wp\/v2\/product_tag?post=583"}],"curies":[{"name":"wp","href":"https:\/\/api.w.org\/{rel}","templated":true}]}}