{"id":468,"date":"2021-05-23T11:00:26","date_gmt":"2021-05-23T11:00:26","guid":{"rendered":"http:\/\/godisabletv.org\/?post_type=product&#038;p=468"},"modified":"2021-07-27T18:16:07","modified_gmt":"2021-07-27T18:16:07","slug":"christians-and-worries","status":"publish","type":"product","link":"https:\/\/godisabletv.org\/fr\/product\/christians-and-worries\/","title":{"rendered":"LES CHRETIENS ET LES INQUITUDES"},"content":{"rendered":"<p><a href=\"https:\/\/drive.google.com\/uc?export=download&amp;id=1atZh5urXLanfBnKUqhvbnMRxz_xEC54e\"><img data-recalc-dims=\"1\" loading=\"lazy\" decoding=\"async\" class=\" wp-image-469 aligncenter\" src=\"https:\/\/i0.wp.com\/godisabletv.org\/wp-content\/uploads\/2021\/07\/cover-CHRISTIANS-AND-WORRIES-front-2ed.jpg?resize=458%2C657\" alt=\"\" width=\"458\" height=\"657\" srcset=\"https:\/\/i0.wp.com\/godisabletv.org\/wp-content\/uploads\/2021\/07\/cover-CHRISTIANS-AND-WORRIES-front-2ed.jpg?resize=400%2C574&amp;ssl=1 400w, https:\/\/i0.wp.com\/godisabletv.org\/wp-content\/uploads\/2021\/07\/cover-CHRISTIANS-AND-WORRIES-front-2ed.jpg?resize=367%2C527&amp;ssl=1 367w\" sizes=\"auto, (max-width: 458px) 100vw, 458px\" \/><\/a><\/p>\n<p>L\u2019un des plus grands d\u00e9fis de notre monde d\u2019aujourd\u2019hui, c\u2019est <strong>\u2018\u2018l\u2019inqui\u00e9tude<\/strong> <strong>de l\u2019avenir\u2019\u2019.<\/strong> Ce que je veux dire c\u2019est\u00a0; <em>qui serai \u2013je\u00a0? Que faire-je\u00a0? Comment le ferai \u2013je\u00a0? Pourquoi devrais-je le ferai? Pourquoi moi\u00a0? Etc\u2026<\/em> Dans cette qu\u00eate et combat pour l\u2019avenir, le plus \u00e9tonnant est que les chr\u00e9tiens semblent \u00eatre plus inquiets\u00a0 que les pa\u00efens. Ils oublient que les chr\u00e9tiens ont une fondation in\u00e9branlable, b\u00e2tie par le Cr\u00e9ateur d\u00e8s le commencement. Physiquement ou spirituellement, le diable profite au fil des jours de cette peste de l\u2019\u00e2me<a href=\"http:\/\/godisabletv.org\/about-us\">\u00a0<strong>(l\u2019inqui\u00e9tude)<\/strong> <\/a>pour voler, tuer et d\u00e9truire dans nos vies.<\/p>\n<p>Maintenant en tant que chr\u00e9tien, d\u2019o\u00f9 provient ta vie\u00a0? D\u2019o\u00f9 provient ta foi\u00a0? D\u2019o\u00f9 provient ton argent\u00a0? D\u2019o\u00f9 provient ton joie\u00a0? D\u2019o\u00f9 provient ta paix\u00a0? La Bible dans le livre de<a href=\"https:\/\/giatvgospel.org\/\"> <strong>Jean\u00a014: 27<\/strong> <\/a>dit\u00a0: <strong><em>\u00ab\u00a0Je vous laisse la paix, je vous donne ma paix, je ne vous la donne pas comme le monde donne\u00a0\u00bb<\/em> <\/strong>ceci nous explique le c\u00f4t\u00e9 du monde auquel nous appartenons. Nous en tant qu\u2019enfants de Dieu devrions jouir de la paix \u00a0la plus grande ici-bas.au contraire, nous retournons vers le monde pour rechercher la paix. Rappelons-nous les Sainte Ecritures <strong><em>\u00ab\u00a0Je vous laisse la paix, je vous donne ma paix, je ne vous donne pas comme le monde donne\u00a0c\u2019est pourquoi, ne soyez pas troubles et n\u2019ayez aucune crainte an votre c\u0153ur.\u00a0 Jean 14\u00a0: 27.)<\/em><\/strong><\/p>\n<p>&nbsp;<\/p>\n<h2><strong>Vous pouvez t\u00e9l\u00e9charger la version PDF compl\u00e8te ici,&#8230;&#8230;&#8230;&#8230;&#8230;<\/strong><\/h2>\n<h1 style=\"text-align: center;\"><a href=\"https:\/\/drive.google.com\/uc?export=download&amp;id=1atZh5urXLanfBnKUqhvbnMRxz_xEC54e\"><strong>T\u00c9L\u00c9CHARGER ICI<\/strong><\/a><\/h1>\n<p><\/p>","protected":false},"excerpt":{"rendered":"<p>L\u2019un des plus grands d\u00e9fis de notre monde d\u2019aujourd\u2019hui, c\u2019est \u2018\u2018l\u2019inqui\u00e9tude de l\u2019avenir\u2019\u2019. Ce que je veux dire c\u2019est\u00a0; qui serai \u2013je\u00a0? Que faire-je\u00a0? Comment le ferai \u2013je\u00a0? Pourquoi devrais-je le ferai? Pourquoi moi\u00a0? Etc\u2026 Dans cette qu\u00eate et combat pour l\u2019avenir, le plus \u00e9tonnant est que les chr\u00e9tiens semblent \u00eatre plus inquiets\u00a0 que les [&hellip;]<\/p>\n","protected":false},"featured_media":469,"comment_status":"open","ping_status":"closed","template":"","meta":{"nf_dc_page":"","_monsterinsights_skip_tracking":false,"_monsterinsights_sitenote_active":false,"_monsterinsights_sitenote_note":"","_monsterinsights_sitenote_category":0},"product_brand":[],"product_cat":[15],"product_tag":[],"class_list":{"0":"post-468","1":"product","2":"type-product","3":"status-publish","4":"has-post-thumbnail","6":"product_cat-uncategorized","8":"first","9":"instock","10":"downloadable","11":"shipping-taxable","12":"product-type-simple"},"jetpack_sharing_enabled":true,"_links":{"self":[{"href":"https:\/\/godisabletv.org\/fr\/wp-json\/wp\/v2\/product\/468","targetHints":{"allow":["GET"]}}],"collection":[{"href":"https:\/\/godisabletv.org\/fr\/wp-json\/wp\/v2\/product"}],"about":[{"href":"https:\/\/godisabletv.org\/fr\/wp-json\/wp\/v2\/types\/product"}],"replies":[{"embeddable":true,"href":"https:\/\/godisabletv.org\/fr\/wp-json\/wp\/v2\/comments?post=468"}],"wp:featuredmedia":[{"embeddable":true,"href":"https:\/\/godisabletv.org\/fr\/wp-json\/wp\/v2\/media\/469"}],"wp:attachment":[{"href":"https:\/\/godisabletv.org\/fr\/wp-json\/wp\/v2\/media?parent=468"}],"wp:term":[{"taxonomy":"product_brand","embeddable":true,"href":"https:\/\/godisabletv.org\/fr\/wp-json\/wp\/v2\/product_brand?post=468"},{"taxonomy":"product_cat","embeddable":true,"href":"https:\/\/godisabletv.org\/fr\/wp-json\/wp\/v2\/product_cat?post=468"},{"taxonomy":"product_tag","embeddable":true,"href":"https:\/\/godisabletv.org\/fr\/wp-json\/wp\/v2\/product_tag?post=468"}],"curies":[{"name":"wp","href":"https:\/\/api.w.org\/{rel}","templated":true}]}}