{"id":92,"date":"2018-05-31T05:59:11","date_gmt":"2018-05-31T05:59:11","guid":{"rendered":"http:\/\/sw-themes.com\/porto_dummy\/?page_id=92"},"modified":"2021-03-23T17:09:04","modified_gmt":"2021-03-23T17:09:04","slug":"instructors","status":"publish","type":"page","link":"https:\/\/godisabletv.org\/fr\/instructors\/","title":{"rendered":"Temple Courts \u00c9quipe"},"content":{"rendered":"<div class=\"wpb-content-wrapper\"><p>[vc_row][vc_column width=&#8221;1\/2&#8243; animation_type=&#8221;fadeInLeft&#8221; offset=&#8221;vc_col-md-3&#8243;]<div class=\"porto-sicon-box style_1 top-icon\"><div class=\"porto-sicon-top\"><div id=\"porto-icon-159619917769ea483f2fece\" class=\"porto-just-icon-wrapper\" style=\"text-align:center;\"><div class=\"porto-sicon-img \" style=\"display:inline-block;font-size: 466px;\"><img loading=\"lazy\" decoding=\"async\" class=\"img-icon\" alt=\"\" src=\"https:\/\/i0.wp.com\/godisabletv.org\/wp-content\/uploads\/2021\/03\/General-oversea.png?fit=3648%2C2736&#038;ssl=1\" width=\"3648\" height=\"2736\" \/><\/div><\/div><\/div><div class=\"porto-sicon-header\"><a class=\"porto-sicon-box-link\" href=\"https:\/\/web.facebook.com\/prophetrichardpage\" title='Facebook'><h3 class=\"porto-sicon-title\" style=\"font-weight:600;font-size:18px;\">Prophet Nn Richard<\/h3><\/a><p>Vissionaire<\/p><\/div> <!-- header --><div class=\"porto-sicon-description\" style=\"font-family:&#039;Montserrat&#039;;font-size:13.6px;line-height:27.2px;color:#2e353e;\">L&#8217;homme oint de Dieu, le proph\u00e8te Nn Richard est le surveillant g\u00e9n\u00e9ral de la maison de pri\u00e8re des tribunaux du temple pour toutes les nations<\/div> <!-- description --><\/div><!-- porto-sicon-box -->[\/vc_column][vc_column width=&#8221;1\/2&#8243; animation_delay=&#8221;200&#8243; animation_type=&#8221;fadeInLeft&#8221; offset=&#8221;vc_col-md-3&#8243;]<div class=\"porto-sicon-box style_1 top-icon\"><div class=\"porto-sicon-top\"><div id=\"porto-icon-23583677269ea483f2ff33\" class=\"porto-just-icon-wrapper\" style=\"text-align:center;\"><div class=\"porto-sicon-img \" style=\"display:inline-block;font-size: 466px;\"><img loading=\"lazy\" decoding=\"async\" class=\"img-icon\" alt=\"\" src=\"https:\/\/i0.wp.com\/godisabletv.org\/wp-content\/uploads\/2021\/03\/Assistant-Pastor.png?fit=1024%2C768&#038;ssl=1\" width=\"1024\" height=\"768\" \/><\/div><\/div><\/div><div class=\"porto-sicon-header\"><a class=\"porto-sicon-box-link\" href=\"https:\/\/web.facebook.com\/bogaemmerichts\" title='Facebook'><h3 class=\"porto-sicon-title\" style=\"font-weight:600;font-size:18px;\">Boga Emmerichts<\/h3><\/a><p>pasteur assistant<\/p><\/div> <!-- header --><div class=\"porto-sicon-description\" style=\"font-family:&#039;Montserrat&#039;;font-size:13.6px;line-height:27.2px;color:#2e353e;\">La femme ointe de Dieu Evang. Le pasteur Boga Emmichts (P.A) est le cofondateur et le pasteur assistant personnel de l&#8217;homme oint de Dieu, le proph\u00e8te Nn Richard<\/div> <!-- description --><\/div><!-- porto-sicon-box -->[\/vc_column][vc_column width=&#8221;1\/2&#8243; animation_delay=&#8221;400&#8243; animation_type=&#8221;fadeInLeft&#8221; offset=&#8221;vc_col-md-3&#8243;]<div class=\"porto-sicon-box style_1 top-icon\"><div class=\"porto-sicon-top\"><div id=\"porto-icon-94821702269ea483f2ff91\" class=\"porto-just-icon-wrapper\" style=\"text-align:center;\"><div class=\"porto-sicon-img \" style=\"display:inline-block;font-size: 466px;\"><img loading=\"lazy\" decoding=\"async\" class=\"img-icon\" alt=\"\" src=\"https:\/\/i0.wp.com\/godisabletv.org\/wp-content\/uploads\/2021\/03\/Sec-General-communication.png?fit=1024%2C768&#038;ssl=1\" width=\"1024\" height=\"768\" \/><\/div><\/div><\/div><div class=\"porto-sicon-header\"><a class=\"porto-sicon-box-link\" href=\"#\"><h3 class=\"porto-sicon-title\" style=\"font-weight:600;font-size:18px;\">Kibong Mercy<\/h3><\/a><p>Secr\u00e9taire G\u00e9n\u00e9ral<\/p><\/div> <!-- header --><div class=\"porto-sicon-description\" style=\"font-family:&#039;Montserrat&#039;;font-size:13.6px;line-height:27.2px;color:#2e353e;\">Evangelist Kibong Mercy is one of main\u00a0 evangelist leaders of Temple Courts House Of Prayer For All Nations<\/div> <!-- description --><\/div><!-- porto-sicon-box -->[\/vc_column][vc_column width=&#8221;1\/2&#8243; animation_delay=&#8221;600&#8243; animation_type=&#8221;fadeInLeft&#8221; offset=&#8221;vc_col-md-3&#8243;]<div class=\"porto-sicon-box style_1 top-icon\"><div class=\"porto-sicon-top\"><div id=\"porto-icon-207256796269ea483f2fff3\" class=\"porto-just-icon-wrapper\" style=\"text-align:center;\"><div class=\"porto-sicon-img \" style=\"display:inline-block;font-size: 466px;\"><img loading=\"lazy\" decoding=\"async\" class=\"img-icon\" alt=\"\" src=\"https:\/\/i0.wp.com\/godisabletv.org\/wp-content\/uploads\/2021\/03\/General-Coordinator.png?fit=1024%2C768&#038;ssl=1\" width=\"1024\" height=\"768\" \/><\/div><\/div><\/div><div class=\"porto-sicon-header\"><a class=\"porto-sicon-box-link\" href=\"#\"><h3 class=\"porto-sicon-title\" style=\"font-weight:600;font-size:18px;\">Tangwan Marion<\/h3><\/a><p>General Coordinator<\/p><\/div> <!-- header --><div class=\"porto-sicon-description\" style=\"font-family:&#039;Montserrat&#039;;font-size:13.6px;line-height:27.2px;color:#2e353e;\">L&#8217;\u00e9vang\u00e9liste Tangwan Marion est \u00e9galement l&#8217;un des principaux leaders \u00e9vang\u00e9listes de Temple Courts House Of Prayer For All Nations.<\/div> <!-- description --><\/div><!-- porto-sicon-box -->[\/vc_column][\/vc_row]<\/p>\n<\/div>","protected":false},"excerpt":{"rendered":"<p>[vc_row][vc_column width=&#8221;1\/2&#8243; animation_type=&#8221;fadeInLeft&#8221; offset=&#8221;vc_col-md-3&#8243;][\/vc_column][vc_column width=&#8221;1\/2&#8243; animation_delay=&#8221;200&#8243; animation_type=&#8221;fadeInLeft&#8221; offset=&#8221;vc_col-md-3&#8243;][\/vc_column][vc_column width=&#8221;1\/2&#8243; animation_delay=&#8221;400&#8243; animation_type=&#8221;fadeInLeft&#8221; offset=&#8221;vc_col-md-3&#8243;][\/vc_column][vc_column width=&#8221;1\/2&#8243; animation_delay=&#8221;600&#8243; animation_type=&#8221;fadeInLeft&#8221; offset=&#8221;vc_col-md-3&#8243;][\/vc_column][\/vc_row]<\/p>\n","protected":false},"author":1,"featured_media":0,"parent":0,"menu_order":0,"comment_status":"closed","ping_status":"closed","template":"","meta":{"nf_dc_page":"","_monsterinsights_skip_tracking":false,"_monsterinsights_sitenote_active":false,"_monsterinsights_sitenote_note":"","_monsterinsights_sitenote_category":0,"footnotes":""},"class_list":["post-92","page","type-page","status-publish","hentry"],"jetpack_sharing_enabled":true,"_links":{"self":[{"href":"https:\/\/godisabletv.org\/fr\/wp-json\/wp\/v2\/pages\/92","targetHints":{"allow":["GET"]}}],"collection":[{"href":"https:\/\/godisabletv.org\/fr\/wp-json\/wp\/v2\/pages"}],"about":[{"href":"https:\/\/godisabletv.org\/fr\/wp-json\/wp\/v2\/types\/page"}],"author":[{"embeddable":true,"href":"https:\/\/godisabletv.org\/fr\/wp-json\/wp\/v2\/users\/1"}],"replies":[{"embeddable":true,"href":"https:\/\/godisabletv.org\/fr\/wp-json\/wp\/v2\/comments?post=92"}],"version-history":[{"count":3,"href":"https:\/\/godisabletv.org\/fr\/wp-json\/wp\/v2\/pages\/92\/revisions"}],"predecessor-version":[{"id":371,"href":"https:\/\/godisabletv.org\/fr\/wp-json\/wp\/v2\/pages\/92\/revisions\/371"}],"wp:attachment":[{"href":"https:\/\/godisabletv.org\/fr\/wp-json\/wp\/v2\/media?parent=92"}],"curies":[{"name":"wp","href":"https:\/\/api.w.org\/{rel}","templated":true}]}}