{"id":86,"date":"2018-05-31T05:57:38","date_gmt":"2018-05-31T05:57:38","guid":{"rendered":"http:\/\/sw-themes.com\/porto_dummy\/?page_id=86"},"modified":"2021-01-27T11:05:41","modified_gmt":"2021-01-27T11:05:41","slug":"about-us","status":"publish","type":"page","link":"https:\/\/godisabletv.org\/fr\/about-us\/","title":{"rendered":"About Us"},"content":{"rendered":"<div class=\"wpb-content-wrapper\"><p>[vc_row][vc_column][vc_column_text]God is Able TV est une cha\u00eene chr\u00e9tienne (religieuse) du palais de justice du temple de pri\u00e8res pour toutes les nations. Bas\u00e9s \u00e0 Douala Cameroun, nous sommes un minist\u00e8re aspotolique sous la direction de l&#8217;Homme de Dieu Proph\u00e8te Richard[\/vc_column_text][\/vc_column][\/vc_row][vc_row][vc_column][vc_column_text]God is Able TV is a Christian (religious) Channel from temple court house of prayers for all nations. Based in Douala Cameroon, we arean aspotolic ministry under leadership of the Man of God Prophet Richard[\/vc_column_text][\/vc_column][\/vc_row][vc_row][vc_column][vc_column_text]God is Able TV is a Christian (religious) Channel from temple court house of prayers for all nations. Based in Douala Cameroon, we arean aspotolic ministry under leadership of the Man of God Prophet Richard[\/vc_column_text][\/vc_column][\/vc_row]<\/p>\n<\/div>","protected":false},"excerpt":{"rendered":"<p>[vc_row][vc_column][vc_column_text]God is Able TV est une cha\u00eene chr\u00e9tienne (religieuse) du palais de justice du temple de pri\u00e8res pour toutes les nations. Bas\u00e9s \u00e0 Douala Cameroun, nous sommes un minist\u00e8re aspotolique sous la direction de l&#8217;Homme de Dieu Proph\u00e8te Richard[\/vc_column_text][\/vc_column][\/vc_row][vc_row][vc_column][vc_column_text]God is Able TV is a Christian (religious) Channel from temple court house of prayers for all [&hellip;]<\/p>\n","protected":false},"author":1,"featured_media":0,"parent":0,"menu_order":0,"comment_status":"closed","ping_status":"closed","template":"","meta":{"nf_dc_page":"","_monsterinsights_skip_tracking":false,"_monsterinsights_sitenote_active":false,"_monsterinsights_sitenote_note":"","_monsterinsights_sitenote_category":0,"footnotes":""},"class_list":["post-86","page","type-page","status-publish","hentry"],"jetpack_sharing_enabled":true,"_links":{"self":[{"href":"https:\/\/godisabletv.org\/fr\/wp-json\/wp\/v2\/pages\/86","targetHints":{"allow":["GET"]}}],"collection":[{"href":"https:\/\/godisabletv.org\/fr\/wp-json\/wp\/v2\/pages"}],"about":[{"href":"https:\/\/godisabletv.org\/fr\/wp-json\/wp\/v2\/types\/page"}],"author":[{"embeddable":true,"href":"https:\/\/godisabletv.org\/fr\/wp-json\/wp\/v2\/users\/1"}],"replies":[{"embeddable":true,"href":"https:\/\/godisabletv.org\/fr\/wp-json\/wp\/v2\/comments?post=86"}],"version-history":[{"count":2,"href":"https:\/\/godisabletv.org\/fr\/wp-json\/wp\/v2\/pages\/86\/revisions"}],"predecessor-version":[{"id":302,"href":"https:\/\/godisabletv.org\/fr\/wp-json\/wp\/v2\/pages\/86\/revisions\/302"}],"wp:attachment":[{"href":"https:\/\/godisabletv.org\/fr\/wp-json\/wp\/v2\/media?parent=86"}],"curies":[{"name":"wp","href":"https:\/\/api.w.org\/{rel}","templated":true}]}}