{"id":5,"date":"2021-03-10T10:04:18","date_gmt":"2021-03-10T10:04:18","guid":{"rendered":"http:\/\/sw-themes.com\/porto_dummy\/?page_id=5"},"modified":"2021-11-13T00:25:11","modified_gmt":"2021-11-13T00:25:11","slug":"home","status":"publish","type":"page","link":"https:\/\/godisabletv.org\/fr\/","title":{"rendered":"Accueil"},"content":{"rendered":"<div class=\"wpb-content-wrapper\"><p>[vc_row wrap_container=&#8221;yes&#8221; is_section=&#8221;yes&#8221; remove_margin_top=&#8221;yes&#8221; remove_border=&#8221;yes&#8221; css=&#8221;.vc_custom_1527816640448{background-color: #ffffff !important;}&#8221;][vc_column width=&#8221;5\/6&#8243; offset=&#8221;vc_col-sm-offset-1&#8243;]<div class=\"porto-u-heading mb-0\" data-hspacer=\"no_spacer\" data-halign=\"center\" style=\"text-align:center\" data-appear-animation=\"fadeInUp\" data-appear-animation-delay=\"1000\"><div class=\"porto-u-main-heading\"><h2 style=\"font-weight:700;color:#1d2127;margin-bottom: 20px;\">\u00c0 propos de nous<\/h2><\/div><div class=\"porto-u-sub-heading\" style=\"\">God is Able TV est une cha\u00eene chr\u00e9tienne (religieuse) du palais de justice du temple de pri\u00e8res pour toutes les nations. Bas\u00e9s \u00e0 Douala Cameroun, nous sommes un minist\u00e8re aspotolique sous la direction de l&#8217;homme de Dieu, le proph\u00e8te Richard<\/p>\n<p><a class=\"btn btn-outline btn-outline-primary font-weight-semibold text-uppercase text-sm custom-btn-style-1\" href=\"https:\/\/godisabletv.org\/about-us\">Lire la suite<\/a><\/div><\/div>[\/vc_column][\/vc_row][vc_row wrap_container=&#8221;yes&#8221; is_section=&#8221;yes&#8221; section_skin=&#8221;parallax&#8221; remove_margin_top=&#8221;yes&#8221; remove_border=&#8221;yes&#8221; css=&#8221;.vc_custom_1614836666891{padding-bottom: 10px !important;background-image: url(http:\/\/godisabletv.org\/wp-content\/uploads\/2021\/03\/Godis-able-tv-M1-empty.png?id=343) !important;}&#8221;][vc_column][vc_raw_html]JTNDaWZyYW1lJTIwd2lkdGglM0QlMjI1NjAlMjIlMjBoZWlnaHQlM0QlMjIzMTUlMjIlMjBzcmMlM0QlMjJodHRwcyUzQSUyRiUyRnd3dy55b3V0dWJlLmNvbSUyRmVtYmVkJTJGMVVWTlg1Si1tNmMlMjIlMjB0aXRsZSUzRCUyMllvdVR1YmUlMjB2aWRlbyUyMHBsYXllciUyMiUyMGZyYW1lYm9yZGVyJTNEJTIyMCUyMiUyMGFsbG93JTNEJTIyYWNjZWxlcm9tZXRlciUzQiUyMGF1dG9wbGF5JTNCJTIwY2xpcGJvYXJkLXdyaXRlJTNCJTIwZW5jcnlwdGVkLW1lZGlhJTNCJTIwZ3lyb3Njb3BlJTNCJTIwcGljdHVyZS1pbi1waWN0dXJlJTIyJTIwYWxsb3dmdWxsc2NyZWVuJTNFJTNDJTJGaWZyYW1lJTNF[\/vc_raw_html][\/vc_column][\/vc_row][vc_row wrap_container=&#8221;yes&#8221; is_section=&#8221;yes&#8221; section_skin=&#8221;parallax&#8221; remove_margin_top=&#8221;yes&#8221; remove_border=&#8221;yes&#8221; css=&#8221;.vc_custom_1527818156333{padding-bottom: 10px !important;}&#8221;][vc_column]<div class=\"porto-u-heading m-b-lg\" data-hspacer=\"no_spacer\" data-halign=\"center\" style=\"text-align:center\" data-appear-animation=\"fadeInUp\" data-appear-animation-delay=\"100\"><div class=\"porto-u-main-heading\"><h2 style=\"font-weight:700;color:#1d2127;margin-bottom: 20px;\">Messages r\u00e9cents<\/h2><\/div><\/div><div id=\"porto-portfolio-1757\" class=\"porto-portfolios porto-portfolios7300519f6ddf1344c4fd939c02d7895a wpb_content_element \" data-appear-animation=\"fadeInUp\" data-appear-animation-delay=\"300\">\n\t\n\t<div class=\"page-portfolios portfolios-grid clearfix \">\n\n\t\n\t\n\t\t\t<div class=\"portfolio-row portfolio-row-4 classic\">\n\n\t\n\t\t<article class=\"portfolio portfolio-grid portfolio-col-4 end-time-messages post-439 type-portfolio status-publish has-post-thumbnail hentry portfolio_cat-end-time-messages portfolio_skills-foolish-and-wise-virgins portfolio_skills-foolish-virgins portfolio_skills-wise-virgins\">\n\t\t<span class=\"entry-title\" style=\"display: none;\">La Parabole Des Dix Vierges &#8211; Dim 20 06 2021<\/span><span class=\"vcard\" style=\"display: none;\"><span class=\"fn\"><a href=\"https:\/\/godisabletv.org\/fr\/author\/godisabletv\/\" title=\"Articles par God Is Able TV\" rel=\"author\">God Is Able TV<\/a><\/span><\/span><span class=\"updated\" style=\"display:none\">2021-07-13T15:34:28+00:00<\/span>\t\t<div class=\"portfolio-item outimage\">\n\t\t\t\n\t\t\t<a class=\"text-decoration-none portfolio-link\" href=\"https:\/\/godisabletv.org\/fr\/course\/the-parable-of-the-ten-virgins-sun-20-06-2021\/\">\n\t\t\t\t<span class=\"thumb-info thumb-info-lighten\">\n\t\t\t\t\t<span class=\"thumb-info-wrapper\">\n\t\t\t\t\t\t\t\t\t\t\t\t\t\t\t<img loading=\"lazy\" decoding=\"async\" class=\"img-responsive\" src=\"https:\/\/i0.wp.com\/godisabletv.org\/wp-content\/uploads\/2021\/07\/DSC04961-scaled.jpg?resize=367%2C367&#038;ssl=1\" alt=\"The Parable Of The Ten Virgins\" width=\"367\" height=\"367\" \/>\n\t\t\t\t\t\t\t\t\t\n\t\t\t\t\t\t\n\t\t\t\t\t\t\t\t\t\t\t\t\t\t\t\t\t\t\t<span class=\"thumb-info-action\">\n\t\t\t\t\t\t\t\t\t\t\t\t\t\t\t\t\t<span class=\"thumb-info-action-icon thumb-info-action-icon-dark opacity-8\"><i class=\"fa fa-link\"><\/i><\/span>\n\t\t\t\t\t\t\t\t\t\t\t\t\t\t\t\t\t\t\t\t\t\t\t<\/span>\n\t\t\t\t\t\t\t\t\t\t\t\t\t\t\t\t\t<\/span>\n\t\t\t\t<\/span>\n\t\t\t<\/a>\n\t\t\t\t\t\t\t\t\t\t\t\t<h4 class=\"m-t-md m-b-none portfolio-title\">La Parabole Des Dix Vierges &#8211; Dim 20 06 2021<\/h4>\n\t\t\t\t\n\t\t\t\t\t\t\t\t\t<p class=\"m-b-sm color-body\">End Time Messages<\/p>\n\t\t\t\t\n\t\t\t\t\t\t\t\t\t<div class=\"portfolio-brief-content m-t p-l-lg p-r-lg\">\n\t\t\t\t\t<p>(English) <\/p>\n<div class=\"thumb-info-price\">Free<\/div>\n<ul class=\"nav text-sm\">\n<li><a href=\"#\"><i class=\"fa fa-user text-color-primary\"><\/i> Prophet Nn Richard<\/a><\/li>\n<li class=\"ml-3\"><i class=\"far fa-clock text-color-primary\"><\/i> 2.5 hours<\/li>\n<\/ul>\n\t\t\t\t\t<\/div>\n\t\t\t\t\n\t\t\t\t\n\t\t\t\t\t\t\t\t<\/div>\n\t<\/article>\n\t\t<article class=\"portfolio portfolio-grid portfolio-col-4 post-384 type-portfolio status-publish has-post-thumbnail hentry\">\n\t\t<span class=\"entry-title\" style=\"display: none;\">The Vine and the Branches<\/span><span class=\"vcard\" style=\"display: none;\"><span class=\"fn\"><a href=\"https:\/\/godisabletv.org\/fr\/author\/godisabletv\/\" title=\"Articles par God Is Able TV\" rel=\"author\">God Is Able TV<\/a><\/span><\/span><span class=\"updated\" style=\"display:none\">2021-03-30T16:01:26+00:00<\/span>\t\t<div class=\"portfolio-item outimage\">\n\t\t\t\n\t\t\t<a class=\"text-decoration-none portfolio-link\" href=\"https:\/\/godisabletv.org\/fr\/course\/the-vine-and-the-branches\/\">\n\t\t\t\t<span class=\"thumb-info thumb-info-lighten\">\n\t\t\t\t\t<span class=\"thumb-info-wrapper\">\n\t\t\t\t\t\t\t\t\t\t\t\t\t\t\t<img loading=\"lazy\" decoding=\"async\" class=\"img-responsive\" src=\"https:\/\/i0.wp.com\/godisabletv.org\/wp-content\/uploads\/2021\/03\/Godis-able-tv-M4.png?resize=367%2C367&#038;ssl=1\" alt=\"God Is Able TV\" width=\"367\" height=\"367\" \/>\n\t\t\t\t\t\t\t\t\t\n\t\t\t\t\t\t\n\t\t\t\t\t\t\t\t\t\t\t\t\t\t\t\t\t\t\t<span class=\"thumb-info-action\">\n\t\t\t\t\t\t\t\t\t\t\t\t\t\t\t\t\t<span class=\"thumb-info-action-icon thumb-info-action-icon-dark opacity-8\"><i class=\"fa fa-link\"><\/i><\/span>\n\t\t\t\t\t\t\t\t\t\t\t\t\t\t\t\t\t\t\t\t\t\t\t<\/span>\n\t\t\t\t\t\t\t\t\t\t\t\t\t\t\t\t\t<\/span>\n\t\t\t\t<\/span>\n\t\t\t<\/a>\n\t\t\t\t\t\t\t\t\t\t\t\t<h4 class=\"m-t-md m-b-none portfolio-title\">The Vine and the Branches<\/h4>\n\t\t\t\t\n\t\t\t\t\n\t\t\t\t\t\t\t\t\t<div class=\"portfolio-brief-content m-t p-l-lg p-r-lg\">\n\t\t\t\t\t<div class=\"thumb-info-price\">Free<\/div>\n<ul class=\"nav text-sm\">\n<li><a href=\"#\"><i class=\"fa fa-user text-color-primary\"><\/i> Prophet Nn Richard<\/a><\/li>\n<li class=\"ml-3\"><i class=\"far fa-clock text-color-primary\"><\/i> 3 hours<\/li>\n<\/ul>\n\t\t\t\t\t<\/div>\n\t\t\t\t\n\t\t\t\t\n\t\t\t\t\t\t\t\t<\/div>\n\t<\/article>\n\t\t<article class=\"portfolio portfolio-grid portfolio-col-4 post-331 type-portfolio status-publish has-post-thumbnail hentry\">\n\t\t<span class=\"entry-title\" style=\"display: none;\">SUN 24 11 2019 LIVE SERVICE FROM TEMPLE COURTS<\/span><span class=\"vcard\" style=\"display: none;\"><span class=\"fn\"><a href=\"https:\/\/godisabletv.org\/fr\/author\/2gsarl1\/\" title=\"Articles par 2gsarl1\" rel=\"author\">2gsarl1<\/a><\/span><\/span><span class=\"updated\" style=\"display:none\">2021-03-04T04:52:53+00:00<\/span>\t\t<div class=\"portfolio-item outimage\">\n\t\t\t\n\t\t\t<a class=\"text-decoration-none portfolio-link\" href=\"https:\/\/godisabletv.org\/fr\/course\/sun-24-11-2019-live-service-from-temple-courts\/\">\n\t\t\t\t<span class=\"thumb-info thumb-info-lighten\">\n\t\t\t\t\t<span class=\"thumb-info-wrapper\">\n\t\t\t\t\t\t\t\t\t\t\t\t\t\t\t<img decoding=\"async\" class=\"img-responsive\" src=\"https:\/\/i0.wp.com\/godisabletv.org\/wp-content\/uploads\/2018\/05\/DSC07363.jpg?resize=367%2C367&#038;ssl=1\" alt=\"\" width=\"\" height=\"\" \/>\n\t\t\t\t\t\t\t\t\t\n\t\t\t\t\t\t\n\t\t\t\t\t\t\t\t\t\t\t\t\t\t\t\t\t\t\t<span class=\"thumb-info-action\">\n\t\t\t\t\t\t\t\t\t\t\t\t\t\t\t\t\t<span class=\"thumb-info-action-icon thumb-info-action-icon-dark opacity-8\"><i class=\"fa fa-link\"><\/i><\/span>\n\t\t\t\t\t\t\t\t\t\t\t\t\t\t\t\t\t\t\t\t\t\t\t<\/span>\n\t\t\t\t\t\t\t\t\t\t\t\t\t\t\t\t\t<\/span>\n\t\t\t\t<\/span>\n\t\t\t<\/a>\n\t\t\t\t\t\t\t\t\t\t\t\t<h4 class=\"m-t-md m-b-none portfolio-title\">SUN 24 11 2019 LIVE SERVICE FROM TEMPLE COURTS<\/h4>\n\t\t\t\t\n\t\t\t\t\n\t\t\t\t\t\t\t\t\t<div class=\"portfolio-brief-content m-t p-l-lg p-r-lg\">\n\t\t\t\t\t<div class=\"thumb-info-price\">Free<\/div>\n<ul class=\"nav text-sm\">\n<li><a href=\"#\"><i class=\"fa fa-user text-color-primary\"><\/i> Prophet Richard<\/a><\/li>\n<li class=\"ml-3\"><i class=\"far fa-clock text-color-primary\"><\/i> 30 Minutes<\/li>\n<\/ul>\n\t\t\t\t\t<\/div>\n\t\t\t\t\n\t\t\t\t\n\t\t\t\t\t\t\t\t<\/div>\n\t<\/article>\n\t\t<article class=\"portfolio portfolio-grid portfolio-col-4 post-324 type-portfolio status-publish has-post-thumbnail hentry\">\n\t\t<span class=\"entry-title\" style=\"display: none;\">DIM 12 2019 SERVICE EN DIRECT DES TEMPLE COURTS<\/span><span class=\"vcard\" style=\"display: none;\"><span class=\"fn\"><a href=\"https:\/\/godisabletv.org\/fr\/author\/2gsarl1\/\" title=\"Articles par 2gsarl1\" rel=\"author\">2gsarl1<\/a><\/span><\/span><span class=\"updated\" style=\"display:none\">2021-03-04T04:41:03+00:00<\/span>\t\t<div class=\"portfolio-item outimage\">\n\t\t\t\n\t\t\t<a class=\"text-decoration-none portfolio-link\" href=\"https:\/\/godisabletv.org\/fr\/course\/sun-22-12-2019\/\">\n\t\t\t\t<span class=\"thumb-info thumb-info-lighten\">\n\t\t\t\t\t<span class=\"thumb-info-wrapper\">\n\t\t\t\t\t\t\t\t\t\t\t\t\t\t\t<img decoding=\"async\" class=\"img-responsive\" src=\"https:\/\/i0.wp.com\/godisabletv.org\/wp-content\/uploads\/2018\/05\/DSC07376.jpg?resize=367%2C367&#038;ssl=1\" alt=\"\" width=\"\" height=\"\" \/>\n\t\t\t\t\t\t\t\t\t\n\t\t\t\t\t\t\n\t\t\t\t\t\t\t\t\t\t\t\t\t\t\t\t\t\t\t<span class=\"thumb-info-action\">\n\t\t\t\t\t\t\t\t\t\t\t\t\t\t\t\t\t<span class=\"thumb-info-action-icon thumb-info-action-icon-dark opacity-8\"><i class=\"fa fa-link\"><\/i><\/span>\n\t\t\t\t\t\t\t\t\t\t\t\t\t\t\t\t\t\t\t\t\t\t\t<\/span>\n\t\t\t\t\t\t\t\t\t\t\t\t\t\t\t\t\t<\/span>\n\t\t\t\t<\/span>\n\t\t\t<\/a>\n\t\t\t\t\t\t\t\t\t\t\t\t<h4 class=\"m-t-md m-b-none portfolio-title\">DIM 12 2019 SERVICE EN DIRECT DES TEMPLE COURTS<\/h4>\n\t\t\t\t\n\t\t\t\t\n\t\t\t\t\t\t\t\t\t<div class=\"portfolio-brief-content m-t p-l-lg p-r-lg\">\n\t\t\t\t\t<div class=\"thumb-info-price\">Free<\/div>\n<ul class=\"nav text-sm\">\n<li><a href=\"#\"><i class=\"fa fa-user text-color-primary\"><\/i> Prophet Richard<\/a><\/li>\n<li class=\"ml-3\"><i class=\"far fa-clock text-color-primary\"><\/i> 30 Minutes<\/li>\n<\/ul>\n\t\t\t\t\t<\/div>\n\t\t\t\t\n\t\t\t\t\n\t\t\t\t\t\t\t\t<\/div>\n\t<\/article>\n\t\n\t\n\t\n\t\t<\/div>\n\n\t\n\t\t\t<input type=\"hidden\" class=\"shortcode-id\" value=\"7300519f6ddf1344c4fd939c02d7895a\"\/>\n\t\t\t\t\t<div class=\"clearfix\"><\/div>\n\t\t\t<div class=\"pagination-wrap load-more\">\n\t\t\t\t\t\t\t\t<div class=\"bounce-loader\">\n\t\t\t\t\t<div class=\"bounce1\"><\/div>\n\t\t\t\t\t<div class=\"bounce2\"><\/div>\n\t\t\t\t\t<div class=\"bounce3\"><\/div>\n\t\t\t\t<\/div>\n\t\t\t\t\t\t\t\t<div class=\"pagination load-more\" role=\"navigation\">\n\t\t\t\t\t<span aria-label=\"Page 1\" aria-current=\"page\" class=\"page-numbers current\">1<\/span><a aria-label=\"Page 2\" class=\"page-numbers\" href=\"https:\/\/godisabletv.org\/fr\/wp-json\/wp\/v2\/pages\/5\/page\/2\/\">2<\/a><a class=\"next page-numbers\" href=\"https:\/\/godisabletv.org\/fr\/wp-json\/wp\/v2\/pages\/5\/page\/2\/\">Load More...<\/a>\t\t\t\t<\/div>\n\t\t\t<\/div>\n\t\t\t\t\n\t<\/div>\n\n\t\n\t\n\t<\/div>[\/vc_column][\/vc_row][vc_row parallax=&#8221;content-moving&#8221; parallax_image=&#8221;276&#8243; parallax_speed_bg=&#8221;1.25&#8243; wrap_container=&#8221;yes&#8221; is_section=&#8221;yes&#8221; el_id=&#8221;registerform&#8221;][vc_column width=&#8221;3\/4&#8243; animation_delay=&#8221;100&#8243; offset=&#8221;vc_col-lg-6 vc_col-md-7&#8243; animation_type=&#8221;fadeInRight&#8221;]<div class=\"porto-ultimate-content-box-container \"><div class=\"porto-ultimate-content-box vc_custom_1527819807564\" style=\"background-color:#ffffff;\" data-bg=\"#ffffff\" id=\"porto_ucb_3507\"><div class=\"porto-u-heading\" data-hspacer=\"no_spacer\" data-halign=\"center\" style=\"text-align:center\"><div class=\"porto-u-main-heading\"><h2 style=\"font-weight:700;color:#1d2127;margin-bottom: 5px;font-size:25px;\">LIGNE DE PRI\u00c8RE<\/h2><\/div><div class=\"porto-u-sub-heading\" style=\"font-family: Montserrat;color: #2e353e;font-size:21px;\">Inscrivez-vous \u00e0 la ligne de pri\u00e8re maintenant!<\/div><\/div><style>#count-down-wrap-8873 .porto_countdown-amount { font-size:38px;line-height:22px;font-weight: 600;   color: #b3642a; } #count-down-wrap-8873 .porto_countdown-period, #count-down-wrap-8873 .porto_countdown-row:before {   color: #b3642a;font-size:14px;font-weight: 600;}<\/style><div class=\"porto_countdown  mb-4 porto-cd-s1\"><div id=\"count-down-wrap-8873\"  class=\"porto_countdown-div porto_countdown-dateAndTime porto-wptz\" data-labels=\"Years,Months,Weeks,Days,Hours,Min,Sec\" data-labels2=\"Year,Month,Week,Day,Hour,Min,Sec\"  data-terminal-date=\"2021\/01\/31 08:28:48\" data-countformat=\"DHMS\" data-time-zone=\"0\" data-time-now=\"2026\/04\/23 14:56:01\"  data-tick-col=\"#b3642a\" data-tick-p-col=\"#b3642a\"  data-tick-style=\"600\"  data-tick-p-style=\"600\" ><span class=\"porto_countdown-row porto_countdown-show4\"><span class=\"porto_countdown-section\"><span class=\"porto_time-mid\"><span class=\"porto_countdown-amount\">00<\/span><span class=\"porto_countdown-period\">Days<\/span><\/span><\/span><span class=\"porto_countdown-section\"><span class=\"porto_time-mid\"><span class=\"porto_countdown-amount\">00<\/span><span class=\"porto_countdown-period\">Hours<\/span><\/span><\/span><span class=\"porto_countdown-section\"><span class=\"porto_time-mid\"><span class=\"porto_countdown-amount\">00<\/span><span class=\"porto_countdown-period\">Min<\/span><\/span><\/span><span class=\"porto_countdown-section\"><span class=\"porto_time-mid\"><span class=\"porto_countdown-amount\">00<\/span><span class=\"porto_countdown-period\">Sec<\/span><\/span><\/span><\/span><\/div><\/div>\n<div class=\"wpcf7 no-js\" id=\"wpcf7-f69-o2\" lang=\"en-US\" dir=\"ltr\" data-wpcf7-id=\"69\">\n<div class=\"screen-reader-response\"><p role=\"status\" aria-live=\"polite\" aria-atomic=\"true\"><\/p> <ul><\/ul><\/div>\n<form action=\"\/fr\/wp-json\/wp\/v2\/pages\/5#wpcf7-f69-o2\" method=\"post\" class=\"wpcf7-form init\" aria-label=\"Contact form\" novalidate=\"novalidate\" data-status=\"init\">\n<fieldset class=\"hidden-fields-container\"><input type=\"hidden\" name=\"_wpcf7\" value=\"69\" \/><input type=\"hidden\" name=\"_wpcf7_version\" value=\"6.1.5\" \/><input type=\"hidden\" name=\"_wpcf7_locale\" value=\"en_US\" \/><input type=\"hidden\" name=\"_wpcf7_unit_tag\" value=\"wpcf7-f69-o2\" \/><input type=\"hidden\" name=\"_wpcf7_container_post\" value=\"0\" \/><input type=\"hidden\" name=\"_wpcf7_posted_data_hash\" value=\"\" \/>\n<\/fieldset>\n<div class=\"widget_wysija_cont shortcode_wysija\">\n\t<div class=\"wysija-paragraph\">\n\t\t<p><span class=\"wpcf7-form-control-wrap\" data-name=\"your-email\"><input size=\"40\" maxlength=\"400\" class=\"wpcf7-form-control wpcf7-email wpcf7-validates-as-required wpcf7-text wpcf7-validates-as-email form-control wysija-input\" aria-required=\"true\" aria-invalid=\"false\" placeholder=\"Email Address\" value=\"\" type=\"email\" name=\"your-email\" \/><\/span>\n\t\t<\/p>\n\t<\/div>\n\t<div class=\"d-table-cell\">\n\t\t<p><input class=\"wpcf7-form-control wpcf7-submit has-spinner btn btn-primary wysija-submit\" type=\"submit\" value=\"Subscribe\" \/>\n\t\t<\/p>\n\t<\/div>\n<\/div><div class=\"wpcf7-response-output\" aria-hidden=\"true\"><\/div>\n<\/form>\n<\/div>\n<\/div><\/div>[\/vc_column][\/vc_row][vc_row wrap_container=&#8221;yes&#8221; is_section=&#8221;yes&#8221; remove_margin_top=&#8221;yes&#8221; remove_border=&#8221;yes&#8221; css=&#8221;.vc_custom_1614836377724{background-color: #ffffff !important;}&#8221;][vc_column]<div class=\"porto-u-heading m-b-lg\" data-hspacer=\"no_spacer\" data-halign=\"center\" style=\"text-align:center\" data-appear-animation=\"fadeInUp\"><div class=\"porto-u-main-heading\"><h2 style=\"font-weight:700;color:#1d2127;margin-bottom: 20px;\">T\u00e9moignages<\/h2><\/div><\/div><div class=\"porto-carousel owl-carousel has-ccols ccols-1 \" data-appear-animation=\"fadeInRight\" data-appear-animation-delay=\"200\" data-plugin-options=\"{&quot;stagePadding&quot;:0,&quot;margin&quot;:0,&quot;autoplay&quot;:false,&quot;autoplayTimeout&quot;:5000,&quot;autoplayHoverPause&quot;:false,&quot;items&quot;:1,&quot;lg&quot;:1,&quot;md&quot;:1,&quot;sm&quot;:1,&quot;xs&quot;:1,&quot;nav&quot;:&quot;yes&quot;,&quot;dots&quot;:false,&quot;animateIn&quot;:&quot;&quot;,&quot;animateOut&quot;:&quot;&quot;,&quot;loop&quot;:false,&quot;center&quot;:false,&quot;video&quot;:false,&quot;lazyLoad&quot;:&quot;yes&quot;,&quot;fullscreen&quot;:false}\"><div class=\"porto-testimonial wpb_content_element \"><div class=\"testimonial testimonial-style-2\"><blockquote><p>Le proph\u00e8te Nn Richard avec Son Dieu est capable TV est un v\u00e9ritable partenaire, un proph\u00e8te envoy\u00e9 de Dieu \u00e0 la f\u00e9d\u00e9ration camerounaise d&#8217;athl\u00e9tisme. Nous manquons de mots pour exprimer l&#8217;homme.<\/p><\/blockquote><div class=\"testimonial-arrow-down\"><\/div><div class=\"testimonial-author clearfix\"><img decoding=\"async\" class=\"img-responsive img-circle\" src=\"https:\/\/i0.wp.com\/godisabletv.org\/wp-content\/uploads\/2021\/03\/president-athletics-Cameroon.png?resize=150%2C150&#038;ssl=1\" alt=\"Emmanuel Motombi Mbome\"><p><a href=\"#\"><strong style=\"color:#2e353e\">Emmanuel Motombi Mbome<\/strong><\/a><span style=\"color:#ee970e\">Pr\u00e9sident de la F\u00e9d\u00e9ration camerounaise d'athl\u00e9tisme<\/span><\/p><\/div><\/div><\/div><div class=\"porto-testimonial wpb_content_element \"><div class=\"testimonial testimonial-style-2\"><blockquote><p>Je remercie l&#8217;homme de Dieu, le proph\u00e8te Nn Richard et God Is Able TV d&#8217;avoir mis un sourire de qualit\u00e9 sur l&#8217;athl\u00e9tisme au Cameroun<\/p><\/blockquote><div class=\"testimonial-arrow-down\"><\/div><div class=\"testimonial-author clearfix\"><img decoding=\"async\" class=\"img-responsive img-circle\" src=\"https:\/\/i0.wp.com\/godisabletv.org\/wp-content\/uploads\/2021\/03\/vlcsnap-2020-10-02-08h03m10s42ed.png?resize=150%2C150&#038;ssl=1\" alt=\"Salomon Idele\"><p><a href=\"#\"><strong style=\"color:#2e353e\">Salomon Idele<\/strong><\/a><span style=\"color:#ee970e\">D\u00e9l\u00e9gu\u00e9 r\u00e9gional des sports et de l'\u00e9ducation physique - R\u00e9gion de l'Ouest Cameroun<\/span><\/p><\/div><\/div><\/div><\/div>[\/vc_column][\/vc_row][vc_row parallax=&#8221;content-moving&#8221; parallax_image=&#8221;339&#8243; parallax_speed_bg=&#8221;1.25&#8243; wrap_container=&#8221;yes&#8221; is_section=&#8221;yes&#8221; remove_margin_top=&#8221;yes&#8221; remove_border=&#8221;yes&#8221; css=&#8221;.vc_custom_1614835812986{padding-top: 100px !important;padding-bottom: 50px !important;}&#8221; el_id=&#8221;banner_icons&#8221;][vc_column width=&#8221;5\/6&#8243; offset=&#8221;vc_col-md-offset-5 vc_col-md-7 vc_col-sm-offset-2&#8243;][vc_row_inner animation_type=&#8221;fadeInUp&#8221;][vc_column_inner]<div class=\"porto-sicon-box mb-4 style_1 left-icon\"><div class=\"porto-sicon-left\"><div id=\"porto-icon-192688877669ea3301dbf96\" class=\"porto-just-icon-wrapper\" style=\"text-align:center;\"><div class=\"porto-sicon-img \" style=\"display:inline-block;font-size: 60px;\"><img loading=\"lazy\" decoding=\"async\" class=\"img-icon\" alt=\"\" src=\"https:\/\/i0.wp.com\/godisabletv.org\/wp-content\/uploads\/2021\/03\/DSC07564-1920x1080-1.jpg?fit=1920%2C1080&#038;ssl=1\" width=\"1920\" height=\"1080\" \/><\/div><\/div><\/div><div class=\"porto-sicon-body\"><div class=\"porto-sicon-header\"><h3 class=\"porto-sicon-title\" style=\"font-weight:600;font-size:25px;line-height:25px;\">Pri\u00e8re du Nouvel An<\/h3><\/div> <!-- header --><div class=\"porto-sicon-description\" style=\"font-family:&#039;Montserrat&#039;;\">Je prie pour que Dieu fasse de vous une nouvelle personne cette ann\u00e9e. Donnez-vous un nouveau niveau de croyance, donnez-vous un nouveau niveau de m\u00e9ditation dans Sa parole, donnez-vous un nouveau niveau de compr\u00e9hension de Lui et pas seulement de conna\u00eetre Dieu. Au nom de J\u00e9sus-Christ Amen<\/div> <!-- description --><\/div><\/div><!-- porto-sicon-box -->[\/vc_column_inner][\/vc_row_inner][vc_row_inner animation_delay=&#8221;200&#8243; animation_type=&#8221;fadeInUp&#8221;][vc_column_inner]<div class=\"porto-sicon-box mb-4 style_1 left-icon\"><div class=\"porto-sicon-left\"><div id=\"porto-icon-135114534169ea3301dc366\" class=\"porto-just-icon-wrapper\" style=\"text-align:center;\"><div class=\"porto-sicon-img \" style=\"display:inline-block;font-size: 60px;\"><img decoding=\"async\" class=\"img-icon\" alt=\"\" src=\"https:\/\/i0.wp.com\/godisabletv.org\/wp-content\/uploads\/2021\/03\/DSC07376.jpg?fit=%2C&#038;ssl=1\" width=\"\" height=\"\" \/><\/div><\/div><\/div><div class=\"porto-sicon-body\"><div class=\"porto-sicon-header\"><h3 class=\"porto-sicon-title\" style=\"font-weight:600;font-size:25px;line-height:25px;\">Mot de sagesse<\/h3><\/div> <!-- header --><div class=\"porto-sicon-description\" style=\"font-family:&#039;Montserrat&#039;;\">Nous \u00e9tudions la Bible pour conna\u00eetre Dieu, mais nous recevons le Saint-Esprit pour comprendre Dieu.<\/div> <!-- description --><\/div><\/div><!-- porto-sicon-box -->[\/vc_column_inner][\/vc_row_inner][vc_row_inner animation_delay=&#8221;400&#8243; animation_type=&#8221;fadeInUp&#8221;][vc_column_inner]<div class=\"porto-sicon-box mb-4 style_1 left-icon\"><div class=\"porto-sicon-left\"><div id=\"porto-icon-192432033469ea3301dc6a8\" class=\"porto-just-icon-wrapper\" style=\"text-align:center;\"><div class=\"porto-sicon-img \" style=\"display:inline-block;font-size: 60px;\"><img decoding=\"async\" class=\"img-icon\" alt=\"\" src=\"https:\/\/i0.wp.com\/godisabletv.org\/wp-content\/uploads\/2021\/03\/DSC08254.jpg?fit=%2C&#038;ssl=1\" width=\"\" height=\"\" \/><\/div><\/div><\/div><div class=\"porto-sicon-body\"><div class=\"porto-sicon-header\"><h3 class=\"porto-sicon-title\" style=\"font-weight:600;font-size:25px;line-height:25px;\">Parole divine<\/h3><\/div> <!-- header --><div class=\"porto-sicon-description\" style=\"font-family:&#039;Montserrat&#039;;\">Parce qu&#8217;il a lui-m\u00eame souffert quand il a \u00e9t\u00e9 tent\u00e9, il est capable d&#8217;aider ceux qui sont tent\u00e9s<\/div> <!-- description --><\/div><\/div><!-- porto-sicon-box -->[\/vc_column_inner][\/vc_row_inner][\/vc_column][\/vc_row]<\/p>\n<\/div>","protected":false},"excerpt":{"rendered":"<p>[vc_row wrap_container=&#8221;yes&#8221; is_section=&#8221;yes&#8221; remove_margin_top=&#8221;yes&#8221; remove_border=&#8221;yes&#8221; css=&#8221;.vc_custom_1527816640448{background-color: #ffffff !important;}&#8221;][vc_column width=&#8221;5\/6&#8243; offset=&#8221;vc_col-sm-offset-1&#8243;][\/vc_column][\/vc_row][vc_row wrap_container=&#8221;yes&#8221; is_section=&#8221;yes&#8221; section_skin=&#8221;parallax&#8221; remove_margin_top=&#8221;yes&#8221; remove_border=&#8221;yes&#8221; css=&#8221;.vc_custom_1614836666891{padding-bottom: 10px !important;background-image: url(http:\/\/godisabletv.org\/wp-content\/uploads\/2021\/03\/Godis-able-tv-M1-empty.png?id=343) !important;}&#8221;][vc_column][vc_raw_html]JTNDaWZyYW1lJTIwd2lkdGglM0QlMjI1NjAlMjIlMjBoZWlnaHQlM0QlMjIzMTUlMjIlMjBzcmMlM0QlMjJodHRwcyUzQSUyRiUyRnd3dy55b3V0dWJlLmNvbSUyRmVtYmVkJTJGMVVWTlg1Si1tNmMlMjIlMjB0aXRsZSUzRCUyMllvdVR1YmUlMjB2aWRlbyUyMHBsYXllciUyMiUyMGZyYW1lYm9yZGVyJTNEJTIyMCUyMiUyMGFsbG93JTNEJTIyYWNjZWxlcm9tZXRlciUzQiUyMGF1dG9wbGF5JTNCJTIwY2xpcGJvYXJkLXdyaXRlJTNCJTIwZW5jcnlwdGVkLW1lZGlhJTNCJTIwZ3lyb3Njb3BlJTNCJTIwcGljdHVyZS1pbi1waWN0dXJlJTIyJTIwYWxsb3dmdWxsc2NyZWVuJTNFJTNDJTJGaWZyYW1lJTNF[\/vc_raw_html][\/vc_column][\/vc_row][vc_row wrap_container=&#8221;yes&#8221; is_section=&#8221;yes&#8221; section_skin=&#8221;parallax&#8221; remove_margin_top=&#8221;yes&#8221; remove_border=&#8221;yes&#8221; css=&#8221;.vc_custom_1527818156333{padding-bottom: 10px !important;}&#8221;][vc_column][\/vc_column][\/vc_row][vc_row parallax=&#8221;content-moving&#8221; parallax_image=&#8221;276&#8243; parallax_speed_bg=&#8221;1.25&#8243; wrap_container=&#8221;yes&#8221; is_section=&#8221;yes&#8221; el_id=&#8221;registerform&#8221;][vc_column width=&#8221;3\/4&#8243; animation_delay=&#8221;100&#8243; offset=&#8221;vc_col-lg-6 vc_col-md-7&#8243; animation_type=&#8221;fadeInRight&#8221;][\/vc_column][\/vc_row][vc_row wrap_container=&#8221;yes&#8221; is_section=&#8221;yes&#8221; remove_margin_top=&#8221;yes&#8221; remove_border=&#8221;yes&#8221; css=&#8221;.vc_custom_1614836377724{background-color: #ffffff !important;}&#8221;][vc_column][\/vc_column][\/vc_row][vc_row parallax=&#8221;content-moving&#8221; parallax_image=&#8221;339&#8243; parallax_speed_bg=&#8221;1.25&#8243; wrap_container=&#8221;yes&#8221; is_section=&#8221;yes&#8221; remove_margin_top=&#8221;yes&#8221; remove_border=&#8221;yes&#8221; css=&#8221;.vc_custom_1614835812986{padding-top: 100px [&hellip;]<\/p>\n","protected":false},"author":1,"featured_media":0,"parent":0,"menu_order":0,"comment_status":"closed","ping_status":"closed","template":"","meta":{"nf_dc_page":"","_monsterinsights_skip_tracking":false,"_monsterinsights_sitenote_active":false,"_monsterinsights_sitenote_note":"","_monsterinsights_sitenote_category":0,"footnotes":""},"class_list":["post-5","page","type-page","status-publish","hentry"],"jetpack_sharing_enabled":true,"_links":{"self":[{"href":"https:\/\/godisabletv.org\/fr\/wp-json\/wp\/v2\/pages\/5","targetHints":{"allow":["GET"]}}],"collection":[{"href":"https:\/\/godisabletv.org\/fr\/wp-json\/wp\/v2\/pages"}],"about":[{"href":"https:\/\/godisabletv.org\/fr\/wp-json\/wp\/v2\/types\/page"}],"author":[{"embeddable":true,"href":"https:\/\/godisabletv.org\/fr\/wp-json\/wp\/v2\/users\/1"}],"replies":[{"embeddable":true,"href":"https:\/\/godisabletv.org\/fr\/wp-json\/wp\/v2\/comments?post=5"}],"version-history":[{"count":6,"href":"https:\/\/godisabletv.org\/fr\/wp-json\/wp\/v2\/pages\/5\/revisions"}],"predecessor-version":[{"id":618,"href":"https:\/\/godisabletv.org\/fr\/wp-json\/wp\/v2\/pages\/5\/revisions\/618"}],"wp:attachment":[{"href":"https:\/\/godisabletv.org\/fr\/wp-json\/wp\/v2\/media?parent=5"}],"curies":[{"name":"wp","href":"https:\/\/api.w.org\/{rel}","templated":true}]}}