{"id":306,"date":"2021-02-24T04:42:00","date_gmt":"2021-02-24T04:42:00","guid":{"rendered":"http:\/\/godisabletv.org\/?page_id=306"},"modified":"2021-04-01T06:45:04","modified_gmt":"2021-04-01T06:45:04","slug":"prophecies-and-confirmation","status":"publish","type":"page","link":"https:\/\/godisabletv.org\/fr\/prophecies-and-confirmation\/","title":{"rendered":"Proph\u00e9ties et confirmation"},"content":{"rendered":"<p>Concentrez-vous sur les proph\u00e9ties et les confirmations d&#8217;\u00e9v\u00e9nements et une parole claire du Seigneur<\/p>\n<p>1)PROPHETIE SUR COVID-19 DECLAREE EN 2016 PAR LE PROPHETE RICHARD<\/p>\n<p>https:\/\/www.youtube.com\/watch?v=RxEcIzucKIc<\/p>","protected":false},"excerpt":{"rendered":"<p>Concentrez-vous sur les proph\u00e9ties et les confirmations d&#8217;\u00e9v\u00e9nements et une parole claire du Seigneur 1)PROPHETIE SUR COVID-19 DECLAREE EN 2016 PAR LE PROPHETE RICHARD https:\/\/www.youtube.com\/watch?v=RxEcIzucKIc<\/p>\n","protected":false},"author":1,"featured_media":367,"parent":0,"menu_order":0,"comment_status":"closed","ping_status":"closed","template":"","meta":{"nf_dc_page":"","_monsterinsights_skip_tracking":false,"_monsterinsights_sitenote_active":false,"_monsterinsights_sitenote_note":"","_monsterinsights_sitenote_category":0,"footnotes":""},"class_list":["post-306","page","type-page","status-publish","has-post-thumbnail","hentry"],"jetpack_sharing_enabled":true,"_links":{"self":[{"href":"https:\/\/godisabletv.org\/fr\/wp-json\/wp\/v2\/pages\/306","targetHints":{"allow":["GET"]}}],"collection":[{"href":"https:\/\/godisabletv.org\/fr\/wp-json\/wp\/v2\/pages"}],"about":[{"href":"https:\/\/godisabletv.org\/fr\/wp-json\/wp\/v2\/types\/page"}],"author":[{"embeddable":true,"href":"https:\/\/godisabletv.org\/fr\/wp-json\/wp\/v2\/users\/1"}],"replies":[{"embeddable":true,"href":"https:\/\/godisabletv.org\/fr\/wp-json\/wp\/v2\/comments?post=306"}],"version-history":[{"count":3,"href":"https:\/\/godisabletv.org\/fr\/wp-json\/wp\/v2\/pages\/306\/revisions"}],"predecessor-version":[{"id":405,"href":"https:\/\/godisabletv.org\/fr\/wp-json\/wp\/v2\/pages\/306\/revisions\/405"}],"wp:featuredmedia":[{"embeddable":true,"href":"https:\/\/godisabletv.org\/fr\/wp-json\/wp\/v2\/media\/367"}],"wp:attachment":[{"href":"https:\/\/godisabletv.org\/fr\/wp-json\/wp\/v2\/media?parent=306"}],"curies":[{"name":"wp","href":"https:\/\/api.w.org\/{rel}","templated":true}]}}