{"id":303,"date":"2021-02-24T04:38:08","date_gmt":"2021-02-24T04:38:08","guid":{"rendered":"http:\/\/godisabletv.org\/?page_id=303"},"modified":"2021-04-01T06:35:23","modified_gmt":"2021-04-01T06:35:23","slug":"temple-courts-history","status":"publish","type":"page","link":"https:\/\/godisabletv.org\/fr\/temple-courts-history\/","title":{"rendered":"HISTOIRE DES TEMPLE COURTS"},"content":{"rendered":"<p><img data-recalc-dims=\"1\" loading=\"lazy\" decoding=\"async\" class=\"alignnone size-medium wp-image-349\" src=\"https:\/\/i0.wp.com\/godisabletv.org\/wp-content\/uploads\/2021\/03\/DSC07557.jpg?resize=1%2C1\" alt=\"Temple Courts\" width=\"1\" height=\"1\" \/>Parler de l&#8217;homme de Dieu, le proph\u00e8te Nn Richard et de sa vocation<br \/>Regardez la vid\u00e9o compl\u00e8te ici pour apprendre comment Dieu a emmen\u00e9 l&#8217;homme de Dieu sur ce chemin.<\/p>\r\n<p><iframe loading=\"lazy\" title=\"TEMPLE COURTS  HISTORY\" width=\"1140\" height=\"641\" src=\"https:\/\/www.youtube.com\/embed\/um2txsiQu04?feature=oembed\" frameborder=\"0\" allow=\"accelerometer; autoplay; clipboard-write; encrypted-media; gyroscope; picture-in-picture\" allowfullscreen><\/iframe><\/p>\r\n\r\n<p>&nbsp;<\/p>","protected":false},"excerpt":{"rendered":"<p>Parler de l&#8217;homme de Dieu, le proph\u00e8te Nn Richard et de sa vocationRegardez la vid\u00e9o compl\u00e8te ici pour apprendre comment Dieu a emmen\u00e9 l&#8217;homme de Dieu sur ce chemin. &nbsp;<\/p>\n","protected":false},"author":1,"featured_media":402,"parent":0,"menu_order":0,"comment_status":"closed","ping_status":"closed","template":"","meta":{"nf_dc_page":"","_monsterinsights_skip_tracking":false,"_monsterinsights_sitenote_active":false,"_monsterinsights_sitenote_note":"","_monsterinsights_sitenote_category":0,"footnotes":""},"class_list":["post-303","page","type-page","status-publish","has-post-thumbnail","hentry"],"jetpack_sharing_enabled":true,"_links":{"self":[{"href":"https:\/\/godisabletv.org\/fr\/wp-json\/wp\/v2\/pages\/303","targetHints":{"allow":["GET"]}}],"collection":[{"href":"https:\/\/godisabletv.org\/fr\/wp-json\/wp\/v2\/pages"}],"about":[{"href":"https:\/\/godisabletv.org\/fr\/wp-json\/wp\/v2\/types\/page"}],"author":[{"embeddable":true,"href":"https:\/\/godisabletv.org\/fr\/wp-json\/wp\/v2\/users\/1"}],"replies":[{"embeddable":true,"href":"https:\/\/godisabletv.org\/fr\/wp-json\/wp\/v2\/comments?post=303"}],"version-history":[{"count":5,"href":"https:\/\/godisabletv.org\/fr\/wp-json\/wp\/v2\/pages\/303\/revisions"}],"predecessor-version":[{"id":404,"href":"https:\/\/godisabletv.org\/fr\/wp-json\/wp\/v2\/pages\/303\/revisions\/404"}],"wp:featuredmedia":[{"embeddable":true,"href":"https:\/\/godisabletv.org\/fr\/wp-json\/wp\/v2\/media\/402"}],"wp:attachment":[{"href":"https:\/\/godisabletv.org\/fr\/wp-json\/wp\/v2\/media?parent=303"}],"curies":[{"name":"wp","href":"https:\/\/api.w.org\/{rel}","templated":true}]}}